{"id":840,"date":"2021-08-26T12:21:44","date_gmt":"2021-08-26T12:21:44","guid":{"rendered":"https:\/\/dummy.xtemos.com\/woodmart2\/elementor\/?page_id=45"},"modified":"2024-11-09T06:54:27","modified_gmt":"2024-11-09T06:54:27","slug":"compare","status":"publish","type":"page","link":"https:\/\/www.harsle.com\/es\/compare\/","title":{"rendered":"Comparar"},"content":{"rendered":"<div class=\"wd-empty-block wd-empty-compare\">\n\t\t\t<h2 class=\"wd-empty-block-title\">\n\t\t\t\tCompare list is empty.\t\t\t<\/h2>\n\t\t\t\t\t\t\t<p class=\"wd-empty-block-text\">\n\t\t\t\t\tNo hay productos a\u00f1adidos a la lista de comparaci\u00f3n. Debe a\u00f1adir algunos productos para compararlos. Encontrar\u00e1 muchos productos interesantes en nuestra p\u00e1gina &quot;Tienda&quot;.\t\t\t\t<\/p>\n\t\t\t\t\t\t<a class=\"button btn btn-accent wd-empty-block-btn\" href=\"https:\/\/www.harsle.com\/es\/shop\/\">\n\t\t\t\tVolver a la tienda\t\t\t<\/a>\n\t\t<\/div>","protected":false},"excerpt":{"rendered":"","protected":false},"author":1,"featured_media":0,"parent":0,"menu_order":0,"comment_status":"closed","ping_status":"closed","template":"","meta":{"footnotes":""},"class_list":["post-840","page","type-page","status-publish","hentry"],"jetpack_sharing_enabled":true,"_links":{"self":[{"href":"https:\/\/www.harsle.com\/es\/wp-json\/wp\/v2\/pages\/840","targetHints":{"allow":["GET"]}}],"collection":[{"href":"https:\/\/www.harsle.com\/es\/wp-json\/wp\/v2\/pages"}],"about":[{"href":"https:\/\/www.harsle.com\/es\/wp-json\/wp\/v2\/types\/page"}],"author":[{"embeddable":true,"href":"https:\/\/www.harsle.com\/es\/wp-json\/wp\/v2\/users\/1"}],"replies":[{"embeddable":true,"href":"https:\/\/www.harsle.com\/es\/wp-json\/wp\/v2\/comments?post=840"}],"version-history":[{"count":0,"href":"https:\/\/www.harsle.com\/es\/wp-json\/wp\/v2\/pages\/840\/revisions"}],"wp:attachment":[{"href":"https:\/\/www.harsle.com\/es\/wp-json\/wp\/v2\/media?parent=840"}],"curies":[{"name":"gracias","href":"https:\/\/api.w.org\/{rel}","templated":true}]}}